{"id":1660,"date":"2021-01-16T14:26:02","date_gmt":"2021-01-16T14:26:02","guid":{"rendered":"\/?page_id=1660"},"modified":"2021-01-16T14:38:13","modified_gmt":"2021-01-16T14:38:13","slug":"wandern","status":"publish","type":"page","link":"\/?page_id=1660","title":{"rendered":"Wandern"},"content":{"rendered":"\t\t<div data-elementor-type=\"wp-page\" data-elementor-id=\"1660\" class=\"elementor elementor-1660\">\n\t\t\t\t\t\t<section class=\"elementor-section elementor-top-section elementor-element elementor-element-1342e16 elementor-section-boxed elementor-section-height-default elementor-section-height-default\" data-id=\"1342e16\" data-element_type=\"section\" data-e-type=\"section\">\n\t\t\t\t\t\t<div class=\"elementor-container elementor-column-gap-default\">\n\t\t\t\t\t<div class=\"elementor-column elementor-col-100 elementor-top-column elementor-element elementor-element-e30975d\" data-id=\"e30975d\" data-element_type=\"column\" data-e-type=\"column\">\n\t\t\t<div class=\"elementor-widget-wrap elementor-element-populated\">\n\t\t\t\t\t\t<div class=\"elementor-element elementor-element-6c71bf3 elementor-widget elementor-widget-heading\" data-id=\"6c71bf3\" data-element_type=\"widget\" data-e-type=\"widget\" data-widget_type=\"heading.default\">\n\t\t\t\t<div class=\"elementor-widget-container\">\n\t\t\t\t\t<h2 class=\"elementor-heading-title elementor-size-default\">WANDERN<\/h2>\t\t\t\t<\/div>\n\t\t\t\t<\/div>\n\t\t\t\t\t<\/div>\n\t\t<\/div>\n\t\t\t\t\t<\/div>\n\t\t<\/section>\n\t\t\t\t<section class=\"elementor-section elementor-top-section elementor-element elementor-element-632f7d4 elementor-section-boxed elementor-section-height-default elementor-section-height-default\" data-id=\"632f7d4\" data-element_type=\"section\" data-e-type=\"section\">\n\t\t\t\t\t\t<div class=\"elementor-container elementor-column-gap-default\">\n\t\t\t\t\t<div class=\"elementor-column elementor-col-100 elementor-top-column elementor-element elementor-element-9bb11ea\" data-id=\"9bb11ea\" data-element_type=\"column\" data-e-type=\"column\">\n\t\t\t<div class=\"elementor-widget-wrap elementor-element-populated\">\n\t\t\t\t\t\t<div class=\"elementor-element elementor-element-1b8e7bc elementor-invisible elementor-widget elementor-widget-text-editor\" data-id=\"1b8e7bc\" data-element_type=\"widget\" data-e-type=\"widget\" data-settings=\"{&quot;_animation&quot;:&quot;fadeIn&quot;}\" data-widget_type=\"text-editor.default\">\n\t\t\t\t<div class=\"elementor-widget-container\">\n\t\t\t\t\t\t\t\t\t<p>Liebe G\u00e4ste, auf dieser Seite haben wir einige Wanderungen in der n\u00e4heren Umgebung f\u00fcr euch zusammengestellt. Lernt unsere sch\u00f6ne Region kennen.<\/p>\t\t\t\t\t\t\t\t<\/div>\n\t\t\t\t<\/div>\n\t\t\t\t\t<\/div>\n\t\t<\/div>\n\t\t\t\t\t<\/div>\n\t\t<\/section>\n\t\t\t\t<section class=\"elementor-section elementor-top-section elementor-element elementor-element-27a2dfe elementor-section-content-middle elementor-section-boxed elementor-section-height-default elementor-section-height-default\" data-id=\"27a2dfe\" data-element_type=\"section\" data-e-type=\"section\">\n\t\t\t\t\t\t<div class=\"elementor-container elementor-column-gap-default\">\n\t\t\t\t\t<div class=\"elementor-column elementor-col-100 elementor-top-column elementor-element elementor-element-101b2c9\" data-id=\"101b2c9\" data-element_type=\"column\" data-e-type=\"column\">\n\t\t\t<div class=\"elementor-widget-wrap elementor-element-populated\">\n\t\t\t\t\t\t<div class=\"elementor-element elementor-element-9e12155 elementor-widget-divider--view-line elementor-widget elementor-widget-divider\" data-id=\"9e12155\" data-element_type=\"widget\" data-e-type=\"widget\" data-widget_type=\"divider.default\">\n\t\t\t\t<div class=\"elementor-widget-container\">\n\t\t\t\t\t\t\t<div class=\"elementor-divider\">\n\t\t\t<span class=\"elementor-divider-separator\">\n\t\t\t\t\t\t<\/span>\n\t\t<\/div>\n\t\t\t\t\t\t<\/div>\n\t\t\t\t<\/div>\n\t\t\t\t<div class=\"elementor-element elementor-element-96d1d33 elementor-invisible elementor-widget elementor-widget-text-editor\" data-id=\"96d1d33\" data-element_type=\"widget\" data-e-type=\"widget\" data-settings=\"{&quot;_animation&quot;:&quot;fadeIn&quot;}\" data-widget_type=\"text-editor.default\">\n\t\t\t\t<div class=\"elementor-widget-container\">\n\t\t\t\t\t\t\t\t\t<div><span style=\"color: var( --e-global-color-text ); font-family: var( --e-global-typography-text-font-family ), Arial; font-size: var( --e-global-typography-text-font-size ); font-weight: var( --e-global-typography-text-font-weight ); letter-spacing: 0px;\">\u00a0<\/span><\/div><div><a href=\"https:\/\/de.wikiloc.com\/wikiloc\/spatialArtifacts.do?event=setCurrentSpatialArtifact&amp;id=30265656\" target=\"_blank\" rel=\"noopener\"><span style=\"text-decoration: underline;\">Hotel-K\u00e4mpfelbach Rundweg<\/span><\/a><\/div><div>\u00a0<\/div><div><a href=\"https:\/\/de.wikiloc.com\/wikiloc\/spatialArtifacts.do?event=setCurrentSpatialArtifact&amp;id=30457475\" target=\"_blank\" rel=\"noopener\"><span style=\"text-decoration: underline;\">Hotel-K\u00e4mpfelbach Rundweg \u00fcber Ersingen<\/span><\/a><\/div><div>\u00a0<\/div><div><a href=\"https:\/\/www.enzkreis.de\/media\/custom\/2032_1680_1.PDF?1379671516\" target=\"_blank\" rel=\"noopener\"><span style=\"text-decoration: underline;\">K\u00e4mpfelbachtalweg<\/span><\/a><\/div><div>\u00a0<\/div><div><a href=\"https:\/\/www.outdooractive.com\/de\/wanderungen\/kaempfelbach\/wanderungen-in-kaempfelbach\/1416667\/\" target=\"_blank\" rel=\"noopener\"><span style=\"text-decoration: underline;\">Wanderungen in K\u00e4mpfelbach<\/span><\/a><\/div><div>\u00a0<\/div><div><a href=\"https:\/\/www.komoot.de\/discover\/Ersingen\/@48.9332710%2C8.6346050\" target=\"_blank\" rel=\"noopener\"><span style=\"text-decoration: underline;\">Entdecke Ersingen<\/span><\/a><\/div><div>\u00a0<\/div><div>\u00a0<\/div><div>\u00a0<\/div>\t\t\t\t\t\t\t\t<\/div>\n\t\t\t\t<\/div>\n\t\t\t\t\t<\/div>\n\t\t<\/div>\n\t\t\t\t\t<\/div>\n\t\t<\/section>\n\t\t\t\t<section class=\"elementor-section elementor-top-section elementor-element elementor-element-f6693bb elementor-section-boxed elementor-section-height-default elementor-section-height-default\" data-id=\"f6693bb\" data-element_type=\"section\" data-e-type=\"section\">\n\t\t\t\t\t\t<div class=\"elementor-container elementor-column-gap-default\">\n\t\t\t\t\t<div class=\"elementor-column elementor-col-100 elementor-top-column elementor-element elementor-element-0f809ab\" data-id=\"0f809ab\" data-element_type=\"column\" data-e-type=\"column\">\n\t\t\t<div class=\"elementor-widget-wrap elementor-element-populated\">\n\t\t\t\t\t\t<div class=\"elementor-element elementor-element-a5bb8cb elementor-widget elementor-widget-spacer\" data-id=\"a5bb8cb\" data-element_type=\"widget\" data-e-type=\"widget\" data-widget_type=\"spacer.default\">\n\t\t\t\t<div class=\"elementor-widget-container\">\n\t\t\t\t\t\t\t<div class=\"elementor-spacer\">\n\t\t\t<div class=\"elementor-spacer-inner\"><\/div>\n\t\t<\/div>\n\t\t\t\t\t\t<\/div>\n\t\t\t\t<\/div>\n\t\t\t\t\t<\/div>\n\t\t<\/div>\n\t\t\t\t\t<\/div>\n\t\t<\/section>\n\t\t\t\t<\/div>\n\t\t","protected":false},"excerpt":{"rendered":"<p>WANDERN Liebe G\u00e4ste, auf dieser Seite haben wir einige Wanderungen in der n\u00e4heren Umgebung f\u00fcr euch zusammengestellt. Lernt unsere sch\u00f6ne Region kennen. \u00a0Hotel-K\u00e4mpfelbach Rundweg\u00a0Hotel-K\u00e4mpfelbach Rundweg \u00fcber Ersingen\u00a0K\u00e4mpfelbachtalweg\u00a0Wanderungen in K\u00e4mpfelbach\u00a0Entdecke Ersingen\u00a0\u00a0\u00a0<\/p>\n","protected":false},"author":3,"featured_media":0,"parent":0,"menu_order":0,"comment_status":"closed","ping_status":"closed","template":"elementor_header_footer","meta":{"footnotes":""},"class_list":["post-1660","page","type-page","status-publish","hentry"],"_links":{"self":[{"href":"\/index.php?rest_route=\/wp\/v2\/pages\/1660","targetHints":{"allow":["GET"]}}],"collection":[{"href":"\/index.php?rest_route=\/wp\/v2\/pages"}],"about":[{"href":"\/index.php?rest_route=\/wp\/v2\/types\/page"}],"author":[{"embeddable":true,"href":"\/index.php?rest_route=\/wp\/v2\/users\/3"}],"replies":[{"embeddable":true,"href":"\/index.php?rest_route=%2Fwp%2Fv2%2Fcomments&post=1660"}],"version-history":[{"count":19,"href":"\/index.php?rest_route=\/wp\/v2\/pages\/1660\/revisions"}],"predecessor-version":[{"id":1684,"href":"\/index.php?rest_route=\/wp\/v2\/pages\/1660\/revisions\/1684"}],"wp:attachment":[{"href":"\/index.php?rest_route=%2Fwp%2Fv2%2Fmedia&parent=1660"}],"curies":[{"name":"wp","href":"https:\/\/api.w.org\/{rel}","templated":true}]}}